{"id":5315,"date":"2025-03-31T12:18:41","date_gmt":"2025-03-31T12:18:41","guid":{"rendered":"https:\/\/api-line.com\/?post_type=product&#038;p=5315"},"modified":"2025-04-23T00:35:07","modified_gmt":"2025-04-23T00:35:07","slug":"medenka-beeswax-crayons-junior-pastel-6-colors","status":"publish","type":"product","link":"https:\/\/api-line.com\/sl\/izdelek\/medenka-beeswax-crayons-junior-pastel-6-colors\/","title":{"rendered":"Medenka Beeswax Crayons Junior PASTEL (6 colors)"},"content":{"rendered":"<h3>Medenke vo\u0161\u010denke<\/h3>\n<p>Medenke vo\u0161\u010denke so prve vo\u0161\u010denke izdelane iz slovenskega \u010debeljega voska in naravnih pigmentov. Primerne so za uporabo otrok vseh starostnih skupin. Ker so 100% naravne, so izredno varne za uporabo predvsem pri na\u0161ih najmlaj\u0161ih umetnikih, pri katerih velikokrat zaidejo tudi v usta. Razvili smo jih v sodelovanju z vzgojiteljicami v vrtcih in likovnimi pedagogi.<\/p>\n<p><img data-recalc-dims=\"1\" fetchpriority=\"high\" decoding=\"async\" class=\"alignnone wp-image-4494\" src=\"https:\/\/i0.wp.com\/api-line.com\/wp-content\/uploads\/2023\/12\/Premium-full-image.jpg?resize=1773%2C727&#038;ssl=1\" alt=\"\" width=\"1773\" height=\"727\" srcset=\"https:\/\/i0.wp.com\/api-line.com\/wp-content\/uploads\/2023\/12\/Premium-full-image.jpg?resize=300%2C123&amp;ssl=1 300w, https:\/\/i0.wp.com\/api-line.com\/wp-content\/uploads\/2023\/12\/Premium-full-image.jpg?resize=1080%2C443&amp;ssl=1 1080w, https:\/\/i0.wp.com\/api-line.com\/wp-content\/uploads\/2023\/12\/Premium-full-image.jpg?resize=1024%2C420&amp;ssl=1 1024w, https:\/\/i0.wp.com\/api-line.com\/wp-content\/uploads\/2023\/12\/Premium-full-image.jpg?resize=768%2C315&amp;ssl=1 768w, https:\/\/i0.wp.com\/api-line.com\/wp-content\/uploads\/2023\/12\/Premium-full-image.jpg?w=1464&amp;ssl=1 1464w\" sizes=\"(max-width: 1000px) 100vw, 1000px\" \/><\/p>\n<h3>Varne za uporabo<\/h3>\n<p>Zaradi naravne sestave so Medenke vo\u0161\u010denke varne za uporabo. Junior vo\u0161\u010denke so debelej\u0161e od klasi\u010dnih vo\u0161\u010denk, zato so skoraj nezlomljive, kar prepre\u010di mo\u017enost, da bi manj\u0161i ko\u0161\u010dek vo\u0161\u010denke otroci pogoltnili.<\/p>\n<p><img data-recalc-dims=\"1\" decoding=\"async\" class=\"alignnone wp-image-4346\" src=\"https:\/\/i0.wp.com\/api-line.com\/wp-content\/uploads\/2023\/06\/Honey.png?resize=406%2C339&#038;ssl=1\" alt=\"\" width=\"406\" height=\"339\" srcset=\"https:\/\/i0.wp.com\/api-line.com\/wp-content\/uploads\/2023\/06\/Honey.png?resize=300%2C251&amp;ssl=1 300w, https:\/\/i0.wp.com\/api-line.com\/wp-content\/uploads\/2023\/06\/Honey.png?resize=768%2C643&amp;ssl=1 768w, https:\/\/i0.wp.com\/api-line.com\/wp-content\/uploads\/2023\/06\/Honey.png?w=900&amp;ssl=1 900w\" sizes=\"(max-width: 406px) 100vw, 406px\" \/><\/p>\n<h3>Prijeten vonj<\/h3>\n<p>\u010cebelji vosek ima prijeten vonj, ki spominja na vonj medu in propolisa.<\/p>\n<h3>Trajnostne<\/h3>\n<p>Medenke vo\u0161\u010denke nastajajo iz voska, ki je pridelan v Sloveniji. Uporabljamo le vosek, ki je laboratorijsko testiran in ne vsebuje pesticidov. Prav tako se skrbno izogibamo plasti\u010dni embala\u017ei.<\/p>\n<h3>Unikatne<\/h3>\n<p>Medenke vo\u0161\u010denke so posebne tudi zato, ker niso ovite v papir\u010dek. \u017delimo si, da so otroci v stiku z naravnimi materiali, ki jih uporabljajo pri svojem ustvarjanju.<\/p>\n<p><img data-recalc-dims=\"1\" decoding=\"async\" class=\"alignnone wp-image-5106\" src=\"https:\/\/i0.wp.com\/api-line.com\/wp-content\/uploads\/2023\/06\/Medenka-Junior-open-box.jpg?resize=729%2C729&#038;ssl=1\" alt=\"Medenka Beeswax crayons opened box\" width=\"729\" height=\"729\" srcset=\"https:\/\/i0.wp.com\/api-line.com\/wp-content\/uploads\/2023\/06\/Medenka-Junior-open-box.jpg?resize=300%2C300&amp;ssl=1 300w, https:\/\/i0.wp.com\/api-line.com\/wp-content\/uploads\/2023\/06\/Medenka-Junior-open-box.jpg?resize=1024%2C1024&amp;ssl=1 1024w, https:\/\/i0.wp.com\/api-line.com\/wp-content\/uploads\/2023\/06\/Medenka-Junior-open-box.jpg?resize=150%2C150&amp;ssl=1 150w, https:\/\/i0.wp.com\/api-line.com\/wp-content\/uploads\/2023\/06\/Medenka-Junior-open-box.jpg?resize=768%2C768&amp;ssl=1 768w, https:\/\/i0.wp.com\/api-line.com\/wp-content\/uploads\/2023\/06\/Medenka-Junior-open-box.jpg?resize=12%2C12&amp;ssl=1 12w, https:\/\/i0.wp.com\/api-line.com\/wp-content\/uploads\/2023\/06\/Medenka-Junior-open-box.jpg?resize=440%2C440&amp;ssl=1 440w, https:\/\/i0.wp.com\/api-line.com\/wp-content\/uploads\/2023\/06\/Medenka-Junior-open-box.jpg?resize=180%2C180&amp;ssl=1 180w, https:\/\/i0.wp.com\/api-line.com\/wp-content\/uploads\/2023\/06\/Medenka-Junior-open-box.jpg?resize=120%2C120&amp;ssl=1 120w, https:\/\/i0.wp.com\/api-line.com\/wp-content\/uploads\/2023\/06\/Medenka-Junior-open-box.jpg?resize=540%2C540&amp;ssl=1 540w, https:\/\/i0.wp.com\/api-line.com\/wp-content\/uploads\/2023\/06\/Medenka-Junior-open-box.jpg?resize=1080%2C1080&amp;ssl=1 1080w, https:\/\/i0.wp.com\/api-line.com\/wp-content\/uploads\/2023\/06\/Medenka-Junior-open-box.jpg?resize=240%2C240&amp;ssl=1 240w, https:\/\/i0.wp.com\/api-line.com\/wp-content\/uploads\/2023\/06\/Medenka-Junior-open-box.jpg?w=1500&amp;ssl=1 1500w\" sizes=\"(max-width: 729px) 100vw, 729px\" \/><\/p>","protected":false},"excerpt":{"rendered":"<p><span>Ne\u017ene pastelne barve bodo na mlaj\u0161e otroke delovale pomirjujo\u010de in so odli\u010dna izbira za zgodnje otro\u0161ko ustvarjanje.\u00a0<\/span><\/p>\n<p><span style=\"font-weight: 400;\">Shorter and thicker than regular crayons, Medenka\u2122 JUNIOR PASTEL crayons are ergonomically designed for small hands of 1 to 3 years olds. For safety reasons, we also made them practically unbreakable. Only a small amount of pressure is enough for Medenka crayons to leave a beautiful color mark on the surface, which makes them so easy and fun to use.<\/span><\/p>\n<ul>\n<li style=\"font-weight: 400;\" aria-level=\"1\"><span style=\"font-weight: 400;\">Prijeten naravni vonj po \u010debeljem vosku.\u00a0<\/span><\/li>\n<li style=\"font-weight: 400;\" aria-level=\"1\"><span style=\"font-weight: 400;\">100% naravni izdelek iz slovenskega \u010debeljega voska.<\/span><\/li>\n<li style=\"font-weight: 400;\" aria-level=\"1\"><span style=\"font-weight: 400;\">Dimenzija vo\u0161\u010denk posebej prilagojena za mal\u010dke od 1 leta naprej. (60mm x 20mm)<\/span><\/li>\n<li style=\"font-weight: 400;\" aria-level=\"1\"><span style=\"font-weight: 400;\">6 <span>pastel shades provide a gentle and soothing alternative to classic bright colors<\/span><\/span><\/li>\n<li style=\"font-weight: 400;\" aria-level=\"1\"><span style=\"font-weight: 400;\">Razvite posebej za mal\u010dke. EN-71 certifikat za varnost izdelka nad 12 mesecev.<\/span><\/li>\n<\/ul>","protected":false},"featured_media":5238,"comment_status":"open","ping_status":"closed","template":"","meta":[],"product_brand":[],"product_cat":[57],"product_tag":[56],"class_list":{"0":"post-5315","1":"product","2":"type-product","3":"status-publish","4":"has-post-thumbnail","6":"product_cat-crayons","7":"product_tag-crayons","9":"first","10":"instock","11":"taxable","12":"shipping-taxable","13":"purchasable","14":"product-type-simple"},"yoast_head":"<!-- This site is optimized with the Yoast SEO plugin v26.2 - https:\/\/yoast.com\/wordpress\/plugins\/seo\/ -->\n<title>Medenka Beeswax Crayons Junior PASTEL (6 colors) - Medenka<\/title>\n<meta name=\"robots\" content=\"index, follow, max-snippet:-1, max-image-preview:large, max-video-preview:-1\" \/>\n<link rel=\"canonical\" href=\"https:\/\/api-line.com\/sl\/izdelek\/medenka-beeswax-crayons-junior-pastel-6-colors\/\" \/>\n<meta property=\"og:locale\" content=\"sl_SI\" \/>\n<meta property=\"og:type\" content=\"article\" \/>\n<meta property=\"og:title\" content=\"Medenka Beeswax Crayons Junior PASTEL (6 colors) - Medenka\" \/>\n<meta property=\"og:description\" content=\"The soft pastel shades provide a gentle and soothing alternative to classic bright colors, making them perfect for early artistic expression.\u00a0  Shorter and thicker than regular crayons, Medenka\u2122 JUNIOR PASTEL crayons are ergonomically designed for small hands of 1 to 3 years olds. For safety reasons, we also made them practically unbreakable. Only a small amount of pressure is enough for Medenka crayons to leave a beautiful color mark on the surface, which makes them so easy and fun to use.   The smell is amazing and memorable\u00a0  100% natural product made of European Beeswax  Junior shape (65 mm x 20 mm) with Medenka\u2122 casted to certify quality  6 pastel shades provide a gentle and soothing alternative to classic bright colors  Developed specifically for small kids, EN71 certified for over 12 months\" \/>\n<meta property=\"og:url\" content=\"https:\/\/api-line.com\/sl\/izdelek\/medenka-beeswax-crayons-junior-pastel-6-colors\/\" \/>\n<meta property=\"og:site_name\" content=\"Medenka\" \/>\n<meta property=\"article:modified_time\" content=\"2025-04-23T00:35:07+00:00\" \/>\n<meta property=\"og:image\" content=\"https:\/\/api-line.com\/wp-content\/uploads\/2025\/03\/Medenka-Junior-Pastel-1024x1024.png\" \/>\n\t<meta property=\"og:image:width\" content=\"1024\" \/>\n\t<meta property=\"og:image:height\" content=\"1024\" \/>\n\t<meta property=\"og:image:type\" content=\"image\/png\" \/>\n<meta name=\"twitter:card\" content=\"summary_large_image\" \/>\n<meta name=\"twitter:label1\" content=\"Est. reading time\" \/>\n\t<meta name=\"twitter:data1\" content=\"3 minute\" \/>\n<script type=\"application\/ld+json\" class=\"yoast-schema-graph\">{\"@context\":\"https:\/\/schema.org\",\"@graph\":[{\"@type\":\"WebPage\",\"@id\":\"https:\/\/api-line.com\/product\/medenka-beeswax-crayons-junior-pastel-6-colors\/\",\"url\":\"https:\/\/api-line.com\/product\/medenka-beeswax-crayons-junior-pastel-6-colors\/\",\"name\":\"Medenka Beeswax Crayons Junior PASTEL (6 colors) - Medenka\",\"isPartOf\":{\"@id\":\"https:\/\/api-line.com\/#website\"},\"primaryImageOfPage\":{\"@id\":\"https:\/\/api-line.com\/product\/medenka-beeswax-crayons-junior-pastel-6-colors\/#primaryimage\"},\"image\":{\"@id\":\"https:\/\/api-line.com\/product\/medenka-beeswax-crayons-junior-pastel-6-colors\/#primaryimage\"},\"thumbnailUrl\":\"https:\/\/i0.wp.com\/api-line.com\/wp-content\/uploads\/2025\/03\/Medenka-Junior-Pastel.png?fit=2000%2C2000&ssl=1\",\"datePublished\":\"2025-03-31T12:18:41+00:00\",\"dateModified\":\"2025-04-23T00:35:07+00:00\",\"breadcrumb\":{\"@id\":\"https:\/\/api-line.com\/product\/medenka-beeswax-crayons-junior-pastel-6-colors\/#breadcrumb\"},\"inLanguage\":\"sl-SI\",\"potentialAction\":[{\"@type\":\"ReadAction\",\"target\":[\"https:\/\/api-line.com\/product\/medenka-beeswax-crayons-junior-pastel-6-colors\/\"]}]},{\"@type\":\"ImageObject\",\"inLanguage\":\"sl-SI\",\"@id\":\"https:\/\/api-line.com\/product\/medenka-beeswax-crayons-junior-pastel-6-colors\/#primaryimage\",\"url\":\"https:\/\/i0.wp.com\/api-line.com\/wp-content\/uploads\/2025\/03\/Medenka-Junior-Pastel.png?fit=2000%2C2000&ssl=1\",\"contentUrl\":\"https:\/\/i0.wp.com\/api-line.com\/wp-content\/uploads\/2025\/03\/Medenka-Junior-Pastel.png?fit=2000%2C2000&ssl=1\",\"width\":2000,\"height\":2000},{\"@type\":\"BreadcrumbList\",\"@id\":\"https:\/\/api-line.com\/product\/medenka-beeswax-crayons-junior-pastel-6-colors\/#breadcrumb\",\"itemListElement\":[{\"@type\":\"ListItem\",\"position\":1,\"name\":\"Home\",\"item\":\"https:\/\/api-line.com\/\"},{\"@type\":\"ListItem\",\"position\":2,\"name\":\"Shop\",\"item\":\"https:\/\/api-line.com\/shop\/\"},{\"@type\":\"ListItem\",\"position\":3,\"name\":\"Medenka Beeswax Crayons Junior PASTEL (6 colors)\"}]},{\"@type\":\"WebSite\",\"@id\":\"https:\/\/api-line.com\/#website\",\"url\":\"https:\/\/api-line.com\/\",\"name\":\"Medenka\",\"description\":\"Beeswax crayons\",\"potentialAction\":[{\"@type\":\"SearchAction\",\"target\":{\"@type\":\"EntryPoint\",\"urlTemplate\":\"https:\/\/api-line.com\/?s={search_term_string}\"},\"query-input\":{\"@type\":\"PropertyValueSpecification\",\"valueRequired\":true,\"valueName\":\"search_term_string\"}}],\"inLanguage\":\"sl-SI\"}]}<\/script>\n<!-- \/ Yoast SEO plugin. -->","yoast_head_json":{"title":"Medenka Beeswax Crayons Junior PASTEL (6 colors) - Medenka","robots":{"index":"index","follow":"follow","max-snippet":"max-snippet:-1","max-image-preview":"max-image-preview:large","max-video-preview":"max-video-preview:-1"},"canonical":"https:\/\/api-line.com\/sl\/izdelek\/medenka-beeswax-crayons-junior-pastel-6-colors\/","og_locale":"sl_SI","og_type":"article","og_title":"Medenka Beeswax Crayons Junior PASTEL (6 colors) - Medenka","og_description":"The soft pastel shades provide a gentle and soothing alternative to classic bright colors, making them perfect for early artistic expression.\u00a0  Shorter and thicker than regular crayons, Medenka\u2122 JUNIOR PASTEL crayons are ergonomically designed for small hands of 1 to 3 years olds. For safety reasons, we also made them practically unbreakable. Only a small amount of pressure is enough for Medenka crayons to leave a beautiful color mark on the surface, which makes them so easy and fun to use.   The smell is amazing and memorable\u00a0  100% natural product made of European Beeswax  Junior shape (65 mm x 20 mm) with Medenka\u2122 casted to certify quality  6 pastel shades provide a gentle and soothing alternative to classic bright colors  Developed specifically for small kids, EN71 certified for over 12 months","og_url":"https:\/\/api-line.com\/sl\/izdelek\/medenka-beeswax-crayons-junior-pastel-6-colors\/","og_site_name":"Medenka","article_modified_time":"2025-04-23T00:35:07+00:00","og_image":[{"width":1024,"height":1024,"url":"https:\/\/api-line.com\/wp-content\/uploads\/2025\/03\/Medenka-Junior-Pastel-1024x1024.png","type":"image\/png"}],"twitter_card":"summary_large_image","twitter_misc":{"Est. reading time":"3 minute"},"schema":{"@context":"https:\/\/schema.org","@graph":[{"@type":"WebPage","@id":"https:\/\/api-line.com\/product\/medenka-beeswax-crayons-junior-pastel-6-colors\/","url":"https:\/\/api-line.com\/product\/medenka-beeswax-crayons-junior-pastel-6-colors\/","name":"Medenka Beeswax Crayons Junior PASTEL (6 colors) - Medenka","isPartOf":{"@id":"https:\/\/api-line.com\/#website"},"primaryImageOfPage":{"@id":"https:\/\/api-line.com\/product\/medenka-beeswax-crayons-junior-pastel-6-colors\/#primaryimage"},"image":{"@id":"https:\/\/api-line.com\/product\/medenka-beeswax-crayons-junior-pastel-6-colors\/#primaryimage"},"thumbnailUrl":"https:\/\/i0.wp.com\/api-line.com\/wp-content\/uploads\/2025\/03\/Medenka-Junior-Pastel.png?fit=2000%2C2000&ssl=1","datePublished":"2025-03-31T12:18:41+00:00","dateModified":"2025-04-23T00:35:07+00:00","breadcrumb":{"@id":"https:\/\/api-line.com\/product\/medenka-beeswax-crayons-junior-pastel-6-colors\/#breadcrumb"},"inLanguage":"sl-SI","potentialAction":[{"@type":"ReadAction","target":["https:\/\/api-line.com\/product\/medenka-beeswax-crayons-junior-pastel-6-colors\/"]}]},{"@type":"ImageObject","inLanguage":"sl-SI","@id":"https:\/\/api-line.com\/product\/medenka-beeswax-crayons-junior-pastel-6-colors\/#primaryimage","url":"https:\/\/i0.wp.com\/api-line.com\/wp-content\/uploads\/2025\/03\/Medenka-Junior-Pastel.png?fit=2000%2C2000&ssl=1","contentUrl":"https:\/\/i0.wp.com\/api-line.com\/wp-content\/uploads\/2025\/03\/Medenka-Junior-Pastel.png?fit=2000%2C2000&ssl=1","width":2000,"height":2000},{"@type":"BreadcrumbList","@id":"https:\/\/api-line.com\/product\/medenka-beeswax-crayons-junior-pastel-6-colors\/#breadcrumb","itemListElement":[{"@type":"ListItem","position":1,"name":"Home","item":"https:\/\/api-line.com\/"},{"@type":"ListItem","position":2,"name":"Shop","item":"https:\/\/api-line.com\/shop\/"},{"@type":"ListItem","position":3,"name":"Medenka Beeswax Crayons Junior PASTEL (6 colors)"}]},{"@type":"WebSite","@id":"https:\/\/api-line.com\/#website","url":"https:\/\/api-line.com\/","name":"Medenka","description":"(12 barv)","potentialAction":[{"@type":"SearchAction","target":{"@type":"EntryPoint","urlTemplate":"https:\/\/api-line.com\/?s={search_term_string}"},"query-input":{"@type":"PropertyValueSpecification","valueRequired":true,"valueName":"search_term_string"}}],"inLanguage":"sl-SI"}]}},"_links":{"self":[{"href":"https:\/\/api-line.com\/sl\/wp-json\/wp\/v2\/product\/5315","targetHints":{"allow":["GET"]}}],"collection":[{"href":"https:\/\/api-line.com\/sl\/wp-json\/wp\/v2\/product"}],"about":[{"href":"https:\/\/api-line.com\/sl\/wp-json\/wp\/v2\/types\/product"}],"replies":[{"embeddable":true,"href":"https:\/\/api-line.com\/sl\/wp-json\/wp\/v2\/comments?post=5315"}],"wp:featuredmedia":[{"embeddable":true,"href":"https:\/\/api-line.com\/sl\/wp-json\/wp\/v2\/media\/5238"}],"wp:attachment":[{"href":"https:\/\/api-line.com\/sl\/wp-json\/wp\/v2\/media?parent=5315"}],"wp:term":[{"taxonomy":"product_brand","embeddable":true,"href":"https:\/\/api-line.com\/sl\/wp-json\/wp\/v2\/product_brand?post=5315"},{"taxonomy":"product_cat","embeddable":true,"href":"https:\/\/api-line.com\/sl\/wp-json\/wp\/v2\/product_cat?post=5315"},{"taxonomy":"product_tag","embeddable":true,"href":"https:\/\/api-line.com\/sl\/wp-json\/wp\/v2\/product_tag?post=5315"}],"curies":[{"name":"wp","href":"https:\/\/api.w.org\/{rel}","templated":true}]}}