{"id":4547,"date":"2023-12-22T10:58:06","date_gmt":"2023-12-22T10:58:06","guid":{"rendered":"https:\/\/api-line.com\/?post_type=product&#038;p=4547"},"modified":"2025-01-08T14:26:46","modified_gmt":"2025-01-08T14:26:46","slug":"medenka-honey-sticks-orange","status":"publish","type":"product","link":"https:\/\/api-line.com\/sl\/izdelek\/medenka-honey-sticks-orange\/","title":{"rendered":"Medenka - Pomaran\u010da (paket 30 Medenk)"},"content":{"rendered":"<h1><span style=\"font-weight: 400;\">Medenke<\/span><\/h1>\n<p><span style=\"font-weight: 400;\">Problem s konvencionalnimi sladkarijami:<\/span><\/p>\n<ul>\n<li style=\"font-weight: 400;\" aria-level=\"1\"><span style=\"font-weight: 400;\">Beli sladkor<\/span><\/li>\n<li style=\"font-weight: 400;\" aria-level=\"1\"><span style=\"font-weight: 400;\">Barvila<\/span><\/li>\n<li style=\"font-weight: 400;\" aria-level=\"1\"><span style=\"font-weight: 400;\">Sladila<\/span><\/li>\n<li style=\"font-weight: 400;\" aria-level=\"1\"><span style=\"font-weight: 400;\">Goveja \u017eelatina<\/span><\/li>\n<li style=\"font-weight: 400;\" aria-level=\"1\"><span style=\"font-weight: 400;\">Koruzni sirup<\/span><\/li>\n<li style=\"font-weight: 400;\" aria-level=\"1\"><span style=\"font-weight: 400;\">Konzervansi<\/span><\/li>\n<\/ul>\n<p><span style=\"font-weight: 400;\">Vse zgoraj navedene sestavine v konvencionalnih sladkarijah so zdravju \u0161kodljive. \u017dal jih otroci  vsakodnenvno u\u017eivajo.\u00a0<\/span><\/p>\n<p><span style=\"font-weight: 400;\">Z Medenko vam ponujamo<\/span><span style=\"font-weight: 400;\"> odli\u010dno naravno alternativo <\/span>- me\u0161anco slovenskega medu in pravega sadja. <span style=\"font-weight: 400;\">Tako je, Medenke ne vsebujejo niti ene od zgoraj navedenih sestavin <\/span><span style=\"font-weight: 400;\">.\u00a0<\/span><\/p>\n<p><span style=\"font-weight: 400;\">Medenka je namenjena vsem, ki \u017eelijo na\u010din zdrave prehrane raz\u0161iriti tudi tja, kjer se pogosto zatakne - sladkarije. Zmotno je prepri\u010danje, da je vse kar je sladko tudi \u0161kodljivo. \u010clove\u0161ko telo potrebuje sladkorje za normalno funkcioniranje. Vendar je pri tem potrebno paziti kak\u0161en je izvor teh sladkorjev, predvsem pa na koli\u010dino sladkorja, ki ga dnevno vnesemo v telo.<\/span><\/p>\n<h3>Posebno pakiranje<\/h3>\n<p>Z na\u0161o preprosto re\u0161itvijo pakiranja -slamico-  je med postal prava sladkarija, saj ga lahko imamo vedno s seboj. <span class=\"OYPEnA text-decoration-none text-strikethrough-none\">na vrhu slamice je etiketa, ki se preprosto odstrani in \u017ee lahko u\u017eivamo med. <\/span><span class=\"OYPEnA text-decoration-none text-strikethrough-none\">Brez packarije. <\/span><span class=\"OYPEnA text-decoration-none text-strikethrough-none\">Otorci u\u017eivajo v medu dlje \u010dasa, saj ne morejo posesati iz slamice ves med na enkrat. Zato lahko Medenke primerjamo z lizalkami.<\/span><\/p>\n<h3>Prijaznej\u0161a okolju<\/h3>\n<p><span>V slamicah, ki jih uporabljamo, je do <strong>5x manj plastike<\/strong> kot v ostalih oblikah mikroembala\u017ee medu (plasti\u010dne posodice ali majhne vre\u010dke). <strong>PRAV TAKO SE SLAMICE RECIKLIRAJO, \u010de jih pravilno odvr\u017eete (v ko\u0161 za embala\u017eo).<\/strong>\u00a0<\/span><\/p>\n<h3>Edini sestavini: Med in liofilizirano sadje<\/h3>\n<p><span style=\"font-weight: 400;\">Na\u0161e \u010debelice se pasejo na travnikih podravskega polja in Haloz. Uporabljamo cvetli\u010dni med, ki zaradi svoje sadne note in svetle barve daje na\u0161im izdelkom najbolj\u0161i okus in najlep\u0161o barvo. <\/span><span style=\"font-weight: 400;\">Poskusite.<\/span><\/p>\n<p><span>Liofilizirano sadje, ki ga vklju\u010dujemo v na\u0161e izdelke je sadje obdelano na poseben na\u010din zamrzovanja in sublimacije. Tako se iz sadja izlo\u010di vsa voda,  ohranijo pa se vitamini in minerali, barva in okus sadja. Ko sadje vme\u0161amo v med, voda v medu poskrbi, da se sadje rehidrira in pove\u017ee z medom. Nastane slastna me\u0161anica medu in sadja polna vitaminov in vseh ostalih koristnih sestavin, ki jih najdemo tako v medu kot sadju.<\/span><\/p>\n<p>&nbsp;<\/p>","protected":false},"excerpt":{"rendered":"<p>Paket vsebije trideset (30) Medenk z okusom pomaran\u010de. <span class=\"OYPEnA text-decoration-none text-strikethrough-none\">\u010ce vam je v\u0161e\u010d okus so\u010dnih mediteranskih pomaran\u010d, bo tale va\u0161 najljub\u0161i. Sladka citrusna eksplozija okusa.<\/span><\/p>\n<p class=\"cvGsUA direction-ltr align-start para-style-body\"><span class=\"OYPEnA text-decoration-none text-strikethrough-none\">Pomaran\u010de so odli\u010den vir vitamina C, ki je pomemben za krepitev imunskega sistema, zdravje ko\u017ee in celjenje ran. Prav tako vsebujejo folno kislino, ki je klju\u010dnega pomena za pravilen razvoj tkiv in celic pri otrocih. Poleg tega so pomaran\u010de bogate z vlakninami, ki spodbujajo zdravo prebavo, ter antioksidanti, ki \u0161\u010ditijo celice pred po\u0161kodbami.<\/span><\/p>\n<p class=\"cvGsUA direction-ltr align-start para-style-body\"><strong><span class=\"OYPEnA text-decoration-none text-strikethrough-none\">Sestavine: Cvetli\u010dni med 97%, Liofilizirana pomaran\u010da 3%<\/span><\/strong><\/p>\n<p class=\"cvGsUA direction-ltr align-start para-style-body\"><span class=\"OYPEnA text-decoration-none text-strikethrough-none\">POVPRE\u010cNA HRANILNA VREDNOST  NA 100 G:  \nENERGIJSKA VREDNOST: 1402 KJ\/330 KCAL, MA\u0160\u010cOBE &lt;0,1 G,  \nOD TEGA NASI\u010cENE MA\u0160\u010cOBE 0 G, OGLJIKOVI HIDRATI 81,7 G,  \nOD TEGA SLADKORJI 80,8 G, BELJAKOVINE 0,5 G, SOL 0 G.<\/span><\/p>\n<p class=\"cvGsUA direction-ltr align-start para-style-body\"><span class=\"OYPEnA text-decoration-none text-strikethrough-none\">.\u00a0<\/span><\/p>\n<p class=\"cvGsUA direction-ltr align-start para-style-body\"><span class=\"OYPEnA text-decoration-none text-strikethrough-none\">.<\/span><\/p>\n<p><strong>Paket vsebuje 30 Medenk. \nNeto vsebine ene Medenke: 13g<\/strong><\/p>\n<p class=\"cvGsUA direction-ltr align-start para-style-body\">","protected":false},"featured_media":5144,"comment_status":"open","ping_status":"closed","template":"","meta":[],"product_brand":[],"product_cat":[59],"product_tag":[],"class_list":{"0":"post-4547","1":"product","2":"type-product","3":"status-publish","4":"has-post-thumbnail","6":"product_cat-honey-sticks","8":"first","9":"instock","10":"taxable","11":"shipping-taxable","12":"purchasable","13":"product-type-simple"},"yoast_head":"<!-- This site is optimized with the Yoast SEO plugin v26.2 - https:\/\/yoast.com\/wordpress\/plugins\/seo\/ -->\n<title>Medenka Honey Sticks - Orange (pack of 30 sticks) - Medenka<\/title>\n<meta name=\"description\" content=\"Sweet, rich, identifiable strawberry flavor that can never be achieved by artificial flavorings. If you are looking for the real thing - look no further.\u00a0\" \/>\n<meta name=\"robots\" content=\"index, follow, max-snippet:-1, max-image-preview:large, max-video-preview:-1\" \/>\n<link rel=\"canonical\" href=\"https:\/\/api-line.com\/sl\/izdelek\/medenka-honey-sticks-orange\/\" \/>\n<meta property=\"og:locale\" content=\"sl_SI\" \/>\n<meta property=\"og:type\" content=\"article\" \/>\n<meta property=\"og:title\" content=\"Medenka Honey Sticks - Orange (pack of 30 sticks) - Medenka\" \/>\n<meta property=\"og:description\" content=\"Sweet, rich, identifiable strawberry flavor that can never be achieved by artificial flavorings. If you are looking for the real thing - look no further.\u00a0\" \/>\n<meta property=\"og:url\" content=\"https:\/\/api-line.com\/sl\/izdelek\/medenka-honey-sticks-orange\/\" \/>\n<meta property=\"og:site_name\" content=\"Medenka\" \/>\n<meta property=\"article:modified_time\" content=\"2025-01-08T14:26:46+00:00\" \/>\n<meta property=\"og:image\" content=\"https:\/\/api-line.com\/wp-content\/uploads\/2023\/06\/pomarana.png\" \/>\n\t<meta property=\"og:image:width\" content=\"644\" \/>\n\t<meta property=\"og:image:height\" content=\"760\" \/>\n\t<meta property=\"og:image:type\" content=\"image\/png\" \/>\n<meta name=\"twitter:card\" content=\"summary_large_image\" \/>\n<meta name=\"twitter:label1\" content=\"Est. reading time\" \/>\n\t<meta name=\"twitter:data1\" content=\"2 minuti\" \/>\n<script type=\"application\/ld+json\" class=\"yoast-schema-graph\">{\"@context\":\"https:\/\/schema.org\",\"@graph\":[{\"@type\":\"WebPage\",\"@id\":\"https:\/\/api-line.com\/product\/medenka-honey-sticks-orange\/\",\"url\":\"https:\/\/api-line.com\/product\/medenka-honey-sticks-orange\/\",\"name\":\"Medenka Honey Sticks - Orange (pack of 30 sticks) - Medenka\",\"isPartOf\":{\"@id\":\"https:\/\/api-line.com\/#website\"},\"primaryImageOfPage\":{\"@id\":\"https:\/\/api-line.com\/product\/medenka-honey-sticks-orange\/#primaryimage\"},\"image\":{\"@id\":\"https:\/\/api-line.com\/product\/medenka-honey-sticks-orange\/#primaryimage\"},\"thumbnailUrl\":\"https:\/\/i0.wp.com\/api-line.com\/wp-content\/uploads\/2023\/12\/Orange-Honey-Sticks-Medenka.png?fit=1500%2C1500&ssl=1\",\"datePublished\":\"2023-12-22T10:58:06+00:00\",\"dateModified\":\"2025-01-08T14:26:46+00:00\",\"description\":\"Sweet, rich, identifiable strawberry flavor that can never be achieved by artificial flavorings. If you are looking for the real thing - look no further.\u00a0\",\"breadcrumb\":{\"@id\":\"https:\/\/api-line.com\/product\/medenka-honey-sticks-orange\/#breadcrumb\"},\"inLanguage\":\"sl-SI\",\"potentialAction\":[{\"@type\":\"ReadAction\",\"target\":[\"https:\/\/api-line.com\/product\/medenka-honey-sticks-orange\/\"]}]},{\"@type\":\"ImageObject\",\"inLanguage\":\"sl-SI\",\"@id\":\"https:\/\/api-line.com\/product\/medenka-honey-sticks-orange\/#primaryimage\",\"url\":\"https:\/\/i0.wp.com\/api-line.com\/wp-content\/uploads\/2023\/12\/Orange-Honey-Sticks-Medenka.png?fit=1500%2C1500&ssl=1\",\"contentUrl\":\"https:\/\/i0.wp.com\/api-line.com\/wp-content\/uploads\/2023\/12\/Orange-Honey-Sticks-Medenka.png?fit=1500%2C1500&ssl=1\",\"width\":1500,\"height\":1500},{\"@type\":\"BreadcrumbList\",\"@id\":\"https:\/\/api-line.com\/product\/medenka-honey-sticks-orange\/#breadcrumb\",\"itemListElement\":[{\"@type\":\"ListItem\",\"position\":1,\"name\":\"Home\",\"item\":\"https:\/\/api-line.com\/\"},{\"@type\":\"ListItem\",\"position\":2,\"name\":\"Shop\",\"item\":\"https:\/\/api-line.com\/shop\/\"},{\"@type\":\"ListItem\",\"position\":3,\"name\":\"Medenka Honey Sticks &#8211; Orange (pack of 30 sticks)\"}]},{\"@type\":\"WebSite\",\"@id\":\"https:\/\/api-line.com\/#website\",\"url\":\"https:\/\/api-line.com\/\",\"name\":\"Medenka\",\"description\":\"Beeswax crayons\",\"potentialAction\":[{\"@type\":\"SearchAction\",\"target\":{\"@type\":\"EntryPoint\",\"urlTemplate\":\"https:\/\/api-line.com\/?s={search_term_string}\"},\"query-input\":{\"@type\":\"PropertyValueSpecification\",\"valueRequired\":true,\"valueName\":\"search_term_string\"}}],\"inLanguage\":\"sl-SI\"}]}<\/script>\n<!-- \/ Yoast SEO plugin. -->","yoast_head_json":{"title":"Medenka Honey Sticks - Orange (pack of 30 sticks) - Medenka","description":"Sweet, rich, identifiable strawberry flavor that can never be achieved by artificial flavorings. If you are looking for the real thing - look no further.\u00a0","robots":{"index":"index","follow":"follow","max-snippet":"max-snippet:-1","max-image-preview":"max-image-preview:large","max-video-preview":"max-video-preview:-1"},"canonical":"https:\/\/api-line.com\/sl\/izdelek\/medenka-honey-sticks-orange\/","og_locale":"sl_SI","og_type":"article","og_title":"Medenka Honey Sticks - Orange (pack of 30 sticks) - Medenka","og_description":"Sweet, rich, identifiable strawberry flavor that can never be achieved by artificial flavorings. If you are looking for the real thing - look no further.\u00a0","og_url":"https:\/\/api-line.com\/sl\/izdelek\/medenka-honey-sticks-orange\/","og_site_name":"Medenka","article_modified_time":"2025-01-08T14:26:46+00:00","og_image":[{"width":644,"height":760,"url":"https:\/\/api-line.com\/wp-content\/uploads\/2023\/06\/pomarana.png","type":"image\/png"}],"twitter_card":"summary_large_image","twitter_misc":{"Est. reading time":"2 minuti"},"schema":{"@context":"https:\/\/schema.org","@graph":[{"@type":"WebPage","@id":"https:\/\/api-line.com\/product\/medenka-honey-sticks-orange\/","url":"https:\/\/api-line.com\/product\/medenka-honey-sticks-orange\/","name":"Medenka Honey Sticks - Orange (pack of 30 sticks) - Medenka","isPartOf":{"@id":"https:\/\/api-line.com\/#website"},"primaryImageOfPage":{"@id":"https:\/\/api-line.com\/product\/medenka-honey-sticks-orange\/#primaryimage"},"image":{"@id":"https:\/\/api-line.com\/product\/medenka-honey-sticks-orange\/#primaryimage"},"thumbnailUrl":"https:\/\/i0.wp.com\/api-line.com\/wp-content\/uploads\/2023\/12\/Orange-Honey-Sticks-Medenka.png?fit=1500%2C1500&ssl=1","datePublished":"2023-12-22T10:58:06+00:00","dateModified":"2025-01-08T14:26:46+00:00","description":"Sweet, rich, identifiable strawberry flavor that can never be achieved by artificial flavorings. If you are looking for the real thing - look no further.\u00a0","breadcrumb":{"@id":"https:\/\/api-line.com\/product\/medenka-honey-sticks-orange\/#breadcrumb"},"inLanguage":"sl-SI","potentialAction":[{"@type":"ReadAction","target":["https:\/\/api-line.com\/product\/medenka-honey-sticks-orange\/"]}]},{"@type":"ImageObject","inLanguage":"sl-SI","@id":"https:\/\/api-line.com\/product\/medenka-honey-sticks-orange\/#primaryimage","url":"https:\/\/i0.wp.com\/api-line.com\/wp-content\/uploads\/2023\/12\/Orange-Honey-Sticks-Medenka.png?fit=1500%2C1500&ssl=1","contentUrl":"https:\/\/i0.wp.com\/api-line.com\/wp-content\/uploads\/2023\/12\/Orange-Honey-Sticks-Medenka.png?fit=1500%2C1500&ssl=1","width":1500,"height":1500},{"@type":"BreadcrumbList","@id":"https:\/\/api-line.com\/product\/medenka-honey-sticks-orange\/#breadcrumb","itemListElement":[{"@type":"ListItem","position":1,"name":"Home","item":"https:\/\/api-line.com\/"},{"@type":"ListItem","position":2,"name":"Shop","item":"https:\/\/api-line.com\/shop\/"},{"@type":"ListItem","position":3,"name":"Medenka Honey Sticks &#8211; Orange (pack of 30 sticks)"}]},{"@type":"WebSite","@id":"https:\/\/api-line.com\/#website","url":"https:\/\/api-line.com\/","name":"Medenka","description":"(12 barv)","potentialAction":[{"@type":"SearchAction","target":{"@type":"EntryPoint","urlTemplate":"https:\/\/api-line.com\/?s={search_term_string}"},"query-input":{"@type":"PropertyValueSpecification","valueRequired":true,"valueName":"search_term_string"}}],"inLanguage":"sl-SI"}]}},"_links":{"self":[{"href":"https:\/\/api-line.com\/sl\/wp-json\/wp\/v2\/product\/4547","targetHints":{"allow":["GET"]}}],"collection":[{"href":"https:\/\/api-line.com\/sl\/wp-json\/wp\/v2\/product"}],"about":[{"href":"https:\/\/api-line.com\/sl\/wp-json\/wp\/v2\/types\/product"}],"replies":[{"embeddable":true,"href":"https:\/\/api-line.com\/sl\/wp-json\/wp\/v2\/comments?post=4547"}],"wp:featuredmedia":[{"embeddable":true,"href":"https:\/\/api-line.com\/sl\/wp-json\/wp\/v2\/media\/5144"}],"wp:attachment":[{"href":"https:\/\/api-line.com\/sl\/wp-json\/wp\/v2\/media?parent=4547"}],"wp:term":[{"taxonomy":"product_brand","embeddable":true,"href":"https:\/\/api-line.com\/sl\/wp-json\/wp\/v2\/product_brand?post=4547"},{"taxonomy":"product_cat","embeddable":true,"href":"https:\/\/api-line.com\/sl\/wp-json\/wp\/v2\/product_cat?post=4547"},{"taxonomy":"product_tag","embeddable":true,"href":"https:\/\/api-line.com\/sl\/wp-json\/wp\/v2\/product_tag?post=4547"}],"curies":[{"name":"wp","href":"https:\/\/api.w.org\/{rel}","templated":true}]}}